{"id":189,"date":"2023-08-21T04:35:55","date_gmt":"2023-08-20T21:35:55","guid":{"rendered":"http:\/\/localhost\/toan\/proantik\/?page_id=189"},"modified":"2024-10-21T14:58:39","modified_gmt":"2024-10-21T07:58:39","slug":"lifesourcetab-uk","status":"publish","type":"page","link":"https:\/\/lifesourcetabuk.com\/?page_id=189","title":{"rendered":"LifesourceTab UK"},"content":{"rendered":"<div class=\"row row-collapse\"  id=\"row-471441289\">\n\n\t<div id=\"col-347005214\" class=\"col small-12 large-12\"  >\n\t\t\t\t<div class=\"col-inner\"  >\n\t\t\t\n\t\t\t\n\t<div class=\"img has-hover x md-x lg-x y md-y lg-y\" id=\"image_109509755\">\n\t\t\t\t\t\t\t\t<div class=\"img-inner dark\" >\n\t\t\t\t\t\t\t\t\t\n\t\t\t\t\t<\/div>\n\t\t\t\t\t\t\t\t\n<style>\n#image_109509755 {\n  width: 100%;\n}\n<\/style>\n\t<\/div>\n\t\n<h2 style=\"text-align: center;\"><span style=\"color: #522793;\">Gi\u1edbi thi\u1ec7u LifeSourceTabUK<\/span><\/h2>\n\t\t<\/div>\n\t\t\t\t\t<\/div>\n\n\t\n<\/div>\n<div class=\"row row-collapse\"  id=\"row-1832998745\">\n\n\t<div id=\"col-1822392180\" class=\"col small-12 large-12\"  >\n\t\t\t\t<div class=\"col-inner text-center\"  >\n\t\t\t\n\t\t\t\n\t<div class=\"img has-hover imgWAuto x md-x lg-x y md-y lg-y\" id=\"image_1775871986\">\n\t\t\t\t\t\t\t\t<div class=\"img-inner dark\" >\n\t\t\t\t\t\t\t\t\t\n\t\t\t\t\t<\/div>\n\t\t\t\t\t\t\t\t\n<style>\n#image_1775871986 {\n  width: 100%;\n}\n<\/style>\n\t<\/div>\n\t\n<div class=\"row\"  id=\"row-1037963658\">\n\n\t<div id=\"col-1212831832\" class=\"col medium-6 small-12 large-6\"  >\n\t\t\t\t<div class=\"col-inner\"  >\n\t\t\t\n\t\t\t\n<p style=\"text-align: justify;\">Nh\u1eefng con nai s\u1eebng t\u1ea5m Alaska Alces a.gigas c\u00f3 s\u1ee9c s\u1ed1ng d\u1ebbo dai m\u1ea1nh m\u1ebd m\u1eb7c d\u00f9 sinh t\u1ed3n trong \u0111i\u1ec1u ki\u1ec7n s\u1ed1ng v\u00f4 c\u00f9ng kh\u1eafc nghi\u1ec7t nh\u01b0ng kh\u1ea3 n\u0103ng ch\u1ecbu l\u1ea1nh r\u1ea5t t\u1ed1t, t\u1ef7 l\u1ec7 sinh con kh\u1ecfe m\u1ea1nh cao, t\u1ef7 l\u1ec7 b\u1ec7nh t\u1eadt \u1edf nh\u1eefng con tu\u1ed5i gi\u00e0 th\u1ea5p.<\/p>\n<p style=\"text-align: justify;\">C\u00e1c nh\u00e0 khoa h\u1ecdc Anh Qu\u1ed1c \u0111\u00e3 chi\u1ebft xu\u1ea5t t\u1ebf b\u00e0o g\u1ed1c t\u1eeb nhau thai c\u1ee7a ch\u00fang v\u00e0 nghi\u00ean c\u1ee9u th\u00e0nh c\u00f4ng ph\u01b0\u01a1ng ph\u00e1p b\u00e0o ch\u1ebf \u0111\u1ec3 ch\u1ebf ph\u1ea9m n\u00e0y h\u1ea5p thu theo \u0111\u01b0\u1eddng u\u1ed1ng \u0111\u1ec3 \u00e1p d\u1ee5ng trong vi\u1ec7c l\u01b0u gi\u1eef s\u1ee9c kh\u1ecfe, s\u1ee9c s\u1ed1ng thanh xu\u00e2n cho con ng\u01b0\u1eddi.<\/p>\n\t\t<\/div>\n\t\t\t\t\t<\/div>\n\n\t\n\n\t<div id=\"col-214730455\" class=\"col medium-6 small-12 large-6\"  >\n\t\t\t\t<div class=\"col-inner\"  >\n\t\t\t\n\t\t\t\n<p><img decoding=\"async\" src=\"https:\/\/lifesourcetabuk.com\/wp-content\/uploads\/2024\/10\/Group-630385.png\" alt=\"\" \/><\/p>\n\t\t<\/div>\n\t\t\t\t\t<\/div>\n\n\t\n<\/div>\n<div class=\"row\"  id=\"row-1669695318\">\n\n\t<div id=\"col-202181938\" class=\"col medium-6 small-12 large-6\"  >\n\t\t\t\t<div class=\"col-inner\"  >\n\t\t\t\n\t\t\t\n<p><img decoding=\"async\" src=\"https:\/\/lifesourcetabuk.com\/wp-content\/uploads\/2024\/10\/Group-630385.png\" alt=\"\" \/><\/p>\n\t\t<\/div>\n\t\t\t\t\t<\/div>\n\n\t\n\n\t<div id=\"col-1099889110\" class=\"col medium-6 small-12 large-6\"  >\n\t\t\t\t<div class=\"col-inner\"  >\n\t\t\t\n\t\t\t\n<p style=\"text-align: justify;\"><img loading=\"lazy\" decoding=\"async\" class=\"\" src=\"https:\/\/vitamintot.com\/wp-content\/uploads\/2022\/08\/dau-tich-3d-100x100.jpg\" alt=\"\" width=\"32\" height=\"32\" \/> Th\u00e0nh ph\u1ea7n:<\/p>\n<p style=\"text-align: justify;\">T\u1ebf b\u00e0o g\u1ed1c chi\u1ebft xu\u1ea5t t\u1eeb nhau thai Nai s\u1eebng t\u1ea5m Alaska&#8230;.. 500mg<\/p>\n<p style=\"text-align: justify;\"><img loading=\"lazy\" decoding=\"async\" class=\"\" src=\"https:\/\/vitamintot.com\/wp-content\/uploads\/2022\/08\/dau-tich-3d-100x100.jpg\" alt=\"\" width=\"32\" height=\"32\" \/> C\u00f4ng d\u1ee5ng:<\/p>\n<ul>\n<li style=\"text-align: justify;\">Tr\u1ebb h\u00f3a, l\u01b0u gi\u1eef s\u1ee9c s\u1ed1ng thanh xu\u00e2n, ng\u0103n ng\u1eeba b\u1ec7nh t\u1eadt do tu\u1ed5i cao<\/li>\n<li style=\"text-align: justify;\">T\u00e1i t\u1ea1o da, gi\u1ea3m n\u1ebfp nh\u0103n, t\u0103ng sinh t\u1ebf b\u00e0o m\u1edbi gi\u00fap l\u00e0n da t\u01b0\u01a1i tr\u1ebb, c\u0103ng m\u1ecbn, r\u1ea1ng r\u1ee1<\/li>\n<li style=\"text-align: justify;\">\u1ee8c ch\u1ebf s\u1ef1 h\u00ecnh th\u00e0nh v\u00e0 ph\u00e1t tri\u1ec3n melanin, nu\u00f4i d\u01b0\u1ee1ng t\u1ebf b\u00e0o da tr\u1eafng h\u1ed3ng, \u0111\u1ec1u m\u00e0u<\/li>\n<li style=\"text-align: justify;\">Duy tr\u00ec \u0111\u1ed9 \u1ea9m t\u1ef1 nhi\u00ean, t\u0103ng sinh Collagen, ng\u0103n ng\u1eeba l\u00e3o h\u00f3a<\/li>\n<li style=\"text-align: justify;\">Gi\u1ea3m nguy c\u01a1 r\u1ee5ng t\u00f3c<\/li>\n<li style=\"text-align: justify;\">T\u0103ng c\u01b0\u1eddng kh\u1ea3 n\u0103ng sinh l\u00fd \u1edf c\u1ea3 nam v\u00e0 n\u1eef<\/li>\n<\/ul>\n\t\t<\/div>\n\t\t\t\t\t<\/div>\n\n\t\n<\/div>\n<p style=\"text-align: justify;\"><img loading=\"lazy\" decoding=\"async\" class=\"\" src=\"https:\/\/vitamintot.com\/wp-content\/uploads\/2022\/08\/dau-tich-3d-100x100.jpg\" alt=\"\" width=\"45\" height=\"45\" \/> Ch\u1ec9 \u0111\u1ecbnh:<\/p>\n<ul>\n<li style=\"text-align: justify;\">Ng\u01b0\u1eddi tr\u01b0\u1edfng th\u00e0nh t\u1eeb 25 tu\u1ed5i tr\u1edf l\u00ean (c\u1ea3 nam l\u1eabn n\u1eef)<\/li>\n<li style=\"text-align: justify;\">D\u00e0nh cho nh\u1eefng ai \u0111ang \u1edf giai \u0111o\u1ea1n c\u01a1 th\u1ec3 d\u1ea7n b\u1ecb l\u00e3o ho\u00e1, h\u1ec7 mi\u1ec5n d\u1ecbch suy tho\u00e1i, d\u1ec5 \u0111au \u1ed1m b\u1ec7nh t\u1eadt.<\/li>\n<li style=\"text-align: justify;\">D\u00e0nh cho nh\u1eefng ai c\u00f3 l\u00e0n da \u0111\u00e3 \u0111ang xu\u1ea5t hi\u1ec7n c\u00e1c d\u1ea5u hi\u1ec7u l\u00e3o ho\u00e1 da nh\u01b0: xu\u1ea5t hi\u1ec7n th\u00e2m n\u00e1m, t\u00e0n nhang, n\u1ebfp nh\u0103n, da k\u00e9m s\u0103n ch\u1eafc, ch\u1ea3y x\u1ec7\u2026<\/li>\n<li style=\"text-align: justify;\">Ng\u01b0\u1eddi hay \u1ed1m v\u1eb7t, c\u00f3 c\u01a1 th\u1ec3 suy nh\u01b0\u1ee3c, stress, suy gi\u1ea3m tr\u00ed nh\u1edb, th\u1ecb l\u1ef1c k\u00e9m, \u0111\u1ea7u \u00f3c hay qu\u00ean, k\u00e9m minh m\u1eabn, ng\u1ee7 kh\u00f4ng ngon &amp; s\u00e2u gi\u1ea5c\u2026<\/li>\n<li style=\"text-align: justify;\">Mong mu\u1ed1n duy tr\u00ec tinh th\u1ea7n s\u1ea3ng kho\u00e1i, gi\u1eef g\u00ecn v\u1ebb \u0111\u1eb9p l\u00e0n da t\u01b0\u01a1i tr\u1ebb theo n\u0103m th\u00e1ng\u2026<\/li>\n<li style=\"text-align: justify;\">Mong mu\u1ed1n c\u1ea3i thi\u1ec7n s\u1eafc \u0111\u1eb9p, \u0111\u1ea9y l\u00f9i l\u00e3o h\u00f3a hi\u1ec7u qu\u1ea3.<\/li>\n<li style=\"text-align: justify;\">Ch\u1ed1ng m\u1ec7t m\u1ecfi v\u00e0 c\u0103ng th\u1eb3ng, \u0111em l\u1ea1i gi\u1ea5c ng\u1ee7 s\u00e2u, gi\u00fap \u0111\u1ea7c \u00f3c \u0111\u01b0\u1ee3c minh m\u1eabn.<\/li>\n<li style=\"text-align: justify;\">Ng\u01b0\u1eddi b\u1ecb suy gi\u1ea3m ch\u1ee9c n\u0103ng th\u1eadn, gi\u1ea3m ch\u1ee9c n\u0103ng sinh d\u1ee5c sinh s\u1ea3n\u2026<\/li>\n<li style=\"text-align: justify;\">Nh\u1eefng ai \u0111ang t\u00ecm ki\u1ebfm d\u00f2ng s\u1ea3n ph\u1ea9m \u0111a n\u0103ng v\u1eeba c\u00f3 kh\u1ea3 n\u0103ng t\u0103ng c\u01b0\u1eddng s\u1ee9c kh\u1ecfe v\u1eeba c\u1ea3i thi\u1ec7n s\u1eafc \u0111\u1eb9p t\u01b0\u01a1i tr\u1ebb v\u00e0 h\u1ed7 tr\u1ee3 \u0111\u1ea9y l\u00f9i m\u1ed9t s\u1ed1 b\u1ec7nh t\u1eadt.<\/li>\n<\/ul>\n<p style=\"text-align: justify;\"><img loading=\"lazy\" decoding=\"async\" class=\"\" src=\"https:\/\/vitamintot.com\/wp-content\/uploads\/2022\/08\/dau-tich-3d-100x100.jpg\" alt=\"\" width=\"45\" height=\"45\" \/>C\u00e1ch d\u00f9ng:<\/p>\n<p style=\"text-align: justify;\">U\u1ed1ng 1 vi\u00ean\/ l\u1ea7n\/ ng\u00e0y sau b\u1eefa \u0103n.<\/p>\n<p style=\"text-align: justify;\"><img loading=\"lazy\" decoding=\"async\" class=\"\" src=\"https:\/\/vitamintot.com\/wp-content\/uploads\/2022\/08\/dau-tich-3d-100x100.jpg\" alt=\"\" width=\"45\" height=\"45\" \/> Gi\u00e1 b\u00e1n tham kh\u1ea3o: <span style=\"color: #ed1c24; font-size: 16px;\"><strong>9.100.000 VN\u0110<\/strong><\/span><\/p>\n<p style=\"text-align: justify;\"><img loading=\"lazy\" decoding=\"async\" class=\"\" src=\"https:\/\/vitamintot.com\/wp-content\/uploads\/2022\/08\/dau-tich-3d-100x100.jpg\" alt=\"\" width=\"45\" height=\"45\" \/> Nh\u00e0 s\u1ea3n xu\u1ea5t:<\/p>\n<p style=\"text-align: justify;\">T\u1eadp \u0111o\u00e0n Asia Healthcare, Harrow, Middlesex, HA1 UD, Anh<\/p>\n<p style=\"text-align: justify;\">S\u1ea3n ph\u1ea9m \u0111\u01b0\u1ee3c c\u1ea5p ph\u00e9p cho c\u00e1c c\u00f4ng ty thu\u1ed9c Asia Healthcare Group, Germany<\/p>\n<p>\u0110\u01b0\u1eddng d\u00e2y n\u00f3ng: 1900 4606<\/p>\n\t\t<\/div>\n\t\t\t\t\t<\/div>\n\n\t\n<\/div>\n","protected":false},"excerpt":{"rendered":"","protected":false},"author":1,"featured_media":0,"parent":0,"menu_order":0,"comment_status":"closed","ping_status":"closed","template":"","meta":{"footnotes":""},"class_list":["post-189","page","type-page","status-publish","hentry"],"acf":[],"yoast_head":"<!-- This site is optimized with the Yoast SEO plugin v21.0 - https:\/\/yoast.com\/wordpress\/plugins\/seo\/ -->\n<title>LifesourceTab UK - LifeSourceTabUk<\/title>\n<meta name=\"robots\" content=\"index, follow, max-snippet:-1, max-image-preview:large, max-video-preview:-1\" \/>\n<link rel=\"canonical\" href=\"https:\/\/lifesourcetabuk.com\/?page_id=189\" \/>\n<meta property=\"og:locale\" content=\"vi_VN\" \/>\n<meta property=\"og:type\" content=\"article\" \/>\n<meta property=\"og:title\" content=\"LifesourceTab UK - LifeSourceTabUk\" \/>\n<meta property=\"og:url\" content=\"https:\/\/lifesourcetabuk.com\/?page_id=189\" \/>\n<meta property=\"og:site_name\" content=\"LifeSourceTabUk\" \/>\n<meta property=\"article:modified_time\" content=\"2024-10-21T07:58:39+00:00\" \/>\n<meta property=\"og:image\" content=\"https:\/\/lifesourcetabuk.com\/wp-content\/uploads\/2024\/10\/Group-630385.png\" \/>\n<meta name=\"twitter:card\" content=\"summary_large_image\" \/>\n<meta name=\"twitter:label1\" content=\"\u01af\u1edbc t\u00ednh th\u1eddi gian \u0111\u1ecdc\" \/>\n\t<meta name=\"twitter:data1\" content=\"5 ph\u00fat\" \/>\n<script type=\"application\/ld+json\" class=\"yoast-schema-graph\">{\"@context\":\"https:\/\/schema.org\",\"@graph\":[{\"@type\":\"WebPage\",\"@id\":\"https:\/\/lifesourcetabuk.com\/?page_id=189\",\"url\":\"https:\/\/lifesourcetabuk.com\/?page_id=189\",\"name\":\"LifesourceTab UK - LifeSourceTabUk\",\"isPartOf\":{\"@id\":\"https:\/\/lifesourcetabuk.com\/#website\"},\"datePublished\":\"2023-08-20T21:35:55+00:00\",\"dateModified\":\"2024-10-21T07:58:39+00:00\",\"breadcrumb\":{\"@id\":\"https:\/\/lifesourcetabuk.com\/?page_id=189#breadcrumb\"},\"inLanguage\":\"vi\",\"potentialAction\":[{\"@type\":\"ReadAction\",\"target\":[\"https:\/\/lifesourcetabuk.com\/?page_id=189\"]}]},{\"@type\":\"BreadcrumbList\",\"@id\":\"https:\/\/lifesourcetabuk.com\/?page_id=189#breadcrumb\",\"itemListElement\":[{\"@type\":\"ListItem\",\"position\":1,\"name\":\"Home\",\"item\":\"https:\/\/lifesourcetabuk.com\/\"},{\"@type\":\"ListItem\",\"position\":2,\"name\":\"LifesourceTab UK\"}]},{\"@type\":\"WebSite\",\"@id\":\"https:\/\/lifesourcetabuk.com\/#website\",\"url\":\"https:\/\/lifesourcetabuk.com\/\",\"name\":\"LifeSourceTabUk\",\"description\":\"\",\"potentialAction\":[{\"@type\":\"SearchAction\",\"target\":{\"@type\":\"EntryPoint\",\"urlTemplate\":\"https:\/\/lifesourcetabuk.com\/?s={search_term_string}\"},\"query-input\":\"required name=search_term_string\"}],\"inLanguage\":\"vi\"}]}<\/script>\n<!-- \/ Yoast SEO plugin. -->","yoast_head_json":{"title":"LifesourceTab UK - LifeSourceTabUk","robots":{"index":"index","follow":"follow","max-snippet":"max-snippet:-1","max-image-preview":"max-image-preview:large","max-video-preview":"max-video-preview:-1"},"canonical":"https:\/\/lifesourcetabuk.com\/?page_id=189","og_locale":"vi_VN","og_type":"article","og_title":"LifesourceTab UK - LifeSourceTabUk","og_url":"https:\/\/lifesourcetabuk.com\/?page_id=189","og_site_name":"LifeSourceTabUk","article_modified_time":"2024-10-21T07:58:39+00:00","og_image":[{"url":"https:\/\/lifesourcetabuk.com\/wp-content\/uploads\/2024\/10\/Group-630385.png"}],"twitter_card":"summary_large_image","twitter_misc":{"\u01af\u1edbc t\u00ednh th\u1eddi gian \u0111\u1ecdc":"5 ph\u00fat"},"schema":{"@context":"https:\/\/schema.org","@graph":[{"@type":"WebPage","@id":"https:\/\/lifesourcetabuk.com\/?page_id=189","url":"https:\/\/lifesourcetabuk.com\/?page_id=189","name":"LifesourceTab UK - LifeSourceTabUk","isPartOf":{"@id":"https:\/\/lifesourcetabuk.com\/#website"},"datePublished":"2023-08-20T21:35:55+00:00","dateModified":"2024-10-21T07:58:39+00:00","breadcrumb":{"@id":"https:\/\/lifesourcetabuk.com\/?page_id=189#breadcrumb"},"inLanguage":"vi","potentialAction":[{"@type":"ReadAction","target":["https:\/\/lifesourcetabuk.com\/?page_id=189"]}]},{"@type":"BreadcrumbList","@id":"https:\/\/lifesourcetabuk.com\/?page_id=189#breadcrumb","itemListElement":[{"@type":"ListItem","position":1,"name":"Home","item":"https:\/\/lifesourcetabuk.com\/"},{"@type":"ListItem","position":2,"name":"LifesourceTab UK"}]},{"@type":"WebSite","@id":"https:\/\/lifesourcetabuk.com\/#website","url":"https:\/\/lifesourcetabuk.com\/","name":"LifeSourceTabUk","description":"","potentialAction":[{"@type":"SearchAction","target":{"@type":"EntryPoint","urlTemplate":"https:\/\/lifesourcetabuk.com\/?s={search_term_string}"},"query-input":"required name=search_term_string"}],"inLanguage":"vi"}]}},"_links":{"self":[{"href":"https:\/\/lifesourcetabuk.com\/index.php?rest_route=\/wp\/v2\/pages\/189","targetHints":{"allow":["GET"]}}],"collection":[{"href":"https:\/\/lifesourcetabuk.com\/index.php?rest_route=\/wp\/v2\/pages"}],"about":[{"href":"https:\/\/lifesourcetabuk.com\/index.php?rest_route=\/wp\/v2\/types\/page"}],"author":[{"embeddable":true,"href":"https:\/\/lifesourcetabuk.com\/index.php?rest_route=\/wp\/v2\/users\/1"}],"replies":[{"embeddable":true,"href":"https:\/\/lifesourcetabuk.com\/index.php?rest_route=%2Fwp%2Fv2%2Fcomments&post=189"}],"version-history":[{"count":28,"href":"https:\/\/lifesourcetabuk.com\/index.php?rest_route=\/wp\/v2\/pages\/189\/revisions"}],"predecessor-version":[{"id":613,"href":"https:\/\/lifesourcetabuk.com\/index.php?rest_route=\/wp\/v2\/pages\/189\/revisions\/613"}],"wp:attachment":[{"href":"https:\/\/lifesourcetabuk.com\/index.php?rest_route=%2Fwp%2Fv2%2Fmedia&parent=189"}],"curies":[{"name":"wp","href":"https:\/\/api.w.org\/{rel}","templated":true}]}}